{"id":42,"date":"2022-04-02T21:04:39","date_gmt":"2022-04-02T19:04:39","guid":{"rendered":"https:\/\/amiserm.cluster029.hosting.ovh.net\/?page_id=42"},"modified":"2025-02-07T15:59:59","modified_gmt":"2025-02-07T14:59:59","slug":"accueil","status":"publish","type":"page","link":"https:\/\/amis13erd.fr\/","title":{"rendered":"Accueil"},"content":{"rendered":"\n<h3 class=\"wp-block-heading\">\u00ab\u00a0Et\u00e9 1940, des soldats fran\u00e7ais en d\u00e9route \u00e0 Nohic-Villebrumier\u00a0\u00bb<\/h3>\n\n\n\n<p>Notice de 80 pages r\u00e9dig\u00e9e par Guy Jamme-10\u20ac. Vous pouvez commander par ce site: amis13erd@orange.fr qui transmettra.<\/p>\n\n\n\n<figure class=\"wp-block-image size-large is-resized\"><img loading=\"lazy\" decoding=\"async\" width=\"727\" height=\"1024\" src=\"https:\/\/amis13erd.fr\/wp-content\/uploads\/2025\/02\/SoldatsEnDerouteVillebrumierGJCouverture1-727x1024.jpg\" alt=\"\" class=\"wp-image-199\" style=\"width:403px;height:auto\" srcset=\"https:\/\/amis13erd.fr\/wp-content\/uploads\/2025\/02\/SoldatsEnDerouteVillebrumierGJCouverture1-727x1024.jpg 727w, https:\/\/amis13erd.fr\/wp-content\/uploads\/2025\/02\/SoldatsEnDerouteVillebrumierGJCouverture1-213x300.jpg 213w, https:\/\/amis13erd.fr\/wp-content\/uploads\/2025\/02\/SoldatsEnDerouteVillebrumierGJCouverture1-768x1082.jpg 768w, https:\/\/amis13erd.fr\/wp-content\/uploads\/2025\/02\/SoldatsEnDerouteVillebrumierGJCouverture1-1090x1536.jpg 1090w, https:\/\/amis13erd.fr\/wp-content\/uploads\/2025\/02\/SoldatsEnDerouteVillebrumierGJCouverture1-1200x1691.jpg 1200w, https:\/\/amis13erd.fr\/wp-content\/uploads\/2025\/02\/SoldatsEnDerouteVillebrumierGJCouverture1.jpg 1404w\" sizes=\"auto, (max-width: 727px) 85vw, 727px\" \/><\/figure>\n\n\n\n<p>Janvier 2023<\/p>\n\n\n\n<hr class=\"wp-block-separator has-alpha-channel-opacity\"\/>\n\n\n\n<h3 class=\"wp-block-heading\">28\/06\/2022 &#8211; Lu dans la Nouvelle R\u00e9publique<\/h3>\n\n\n\n<figure class=\"wp-block-image size-full\"><img loading=\"lazy\" decoding=\"async\" width=\"594\" height=\"819\" src=\"https:\/\/amis13erd.fr\/wp-content\/uploads\/2022\/07\/20220628_ArticleNR121638Rognee.jpg\" alt=\"\" class=\"wp-image-159\" srcset=\"https:\/\/amis13erd.fr\/wp-content\/uploads\/2022\/07\/20220628_ArticleNR121638Rognee.jpg 594w, https:\/\/amis13erd.fr\/wp-content\/uploads\/2022\/07\/20220628_ArticleNR121638Rognee-218x300.jpg 218w\" sizes=\"auto, (max-width: 594px) 85vw, 594px\" \/><figcaption class=\"wp-element-caption\">Nouvelle R\u00e9publique, \u00e9dition Indre et Loire du 28\/06\/2022<br><a href=\"https:\/\/www.lanouvellerepublique.fr\/indre-et-loire\/commune\/joue-les-tours\/joue-les-tours-un-livre-sur-les-traces-de-son-ancetre-au-coeur-de-la-bataille-de-france\" target=\"_blank\" rel=\"noreferrer noopener\">https:\/\/www.lanouvellerepublique.fr\/indre-et-loire\/commune\/joue-les-tours\/joue-les-tours-un-livre-sur-les-traces-de-son-ancetre-au-coeur-de-la-bataille-de-france<\/a><\/figcaption><\/figure>\n\n\n\n<hr class=\"wp-block-separator has-alpha-channel-opacity\"\/>\n\n\n\n<h3 class=\"wp-block-heading\">08\/05\/2022 &#8211; A Villebrumier (82), devant le monument aux morts on parle du 13e escadron!<\/h3>\n\n\n\n<p>Au cours de la c\u00e9r\u00e9monie du 8 mai, Guy Jamme a rappel\u00e9 \u00e0 la population pr\u00e9sente les \u00e9v\u00e8nements de  1940: accueil de r\u00e9fugi\u00e9s alsaciens et des soldats de la cavalerie. L&rsquo;un des soldats, Maurice Bricout, \u00e9pousera quelques mois plus tard, la fille de la famille qui l&rsquo;h\u00e9bergeait. La D\u00e9p\u00eache du Midi en fait \u00e9cho avec un titre \u00e9vocateur.<\/p>\n\n\n\n<figure class=\"wp-block-image size-full\"><img loading=\"lazy\" decoding=\"async\" width=\"778\" height=\"521\" src=\"https:\/\/amis13erd.fr\/wp-content\/uploads\/2022\/05\/2022-05-08DepecheMidiCeremonie8mai.png\" alt=\"\" class=\"wp-image-152\" srcset=\"https:\/\/amis13erd.fr\/wp-content\/uploads\/2022\/05\/2022-05-08DepecheMidiCeremonie8mai.png 778w, https:\/\/amis13erd.fr\/wp-content\/uploads\/2022\/05\/2022-05-08DepecheMidiCeremonie8mai-300x201.png 300w, https:\/\/amis13erd.fr\/wp-content\/uploads\/2022\/05\/2022-05-08DepecheMidiCeremonie8mai-768x514.png 768w\" sizes=\"auto, (max-width: 778px) 85vw, 778px\" \/><\/figure>\n\n\n\n<figure class=\"wp-block-image size-large\"><img loading=\"lazy\" decoding=\"async\" width=\"1024\" height=\"768\" src=\"https:\/\/amis13erd.fr\/wp-content\/uploads\/2022\/05\/2022-05-08CeremonieVillebrumier1-1024x768.jpg\" alt=\"\" class=\"wp-image-153\" srcset=\"https:\/\/amis13erd.fr\/wp-content\/uploads\/2022\/05\/2022-05-08CeremonieVillebrumier1-1024x768.jpg 1024w, https:\/\/amis13erd.fr\/wp-content\/uploads\/2022\/05\/2022-05-08CeremonieVillebrumier1-300x225.jpg 300w, https:\/\/amis13erd.fr\/wp-content\/uploads\/2022\/05\/2022-05-08CeremonieVillebrumier1-768x576.jpg 768w, https:\/\/amis13erd.fr\/wp-content\/uploads\/2022\/05\/2022-05-08CeremonieVillebrumier1-1536x1152.jpg 1536w, https:\/\/amis13erd.fr\/wp-content\/uploads\/2022\/05\/2022-05-08CeremonieVillebrumier1-1200x900.jpg 1200w, https:\/\/amis13erd.fr\/wp-content\/uploads\/2022\/05\/2022-05-08CeremonieVillebrumier1.jpg 2048w\" sizes=\"auto, (max-width: 709px) 85vw, (max-width: 909px) 67vw, (max-width: 1362px) 62vw, 840px\" \/><figcaption class=\"wp-element-caption\">Devant le monument aux morts de Villebrumier (Tarn-et-Garonne) en 2022.<\/figcaption><\/figure>\n\n\n\n<p><\/p>\n\n\n\n<h3 class=\"wp-block-heading\">07\/05\/2022 &#8211; A Caudry (59), apr\u00e8s la conf\u00e9rence aux \u00ab\u00a0Ateliers Culturels\u00a0\u00bb<\/h3>\n\n\n\n<figure class=\"wp-block-gallery has-nested-images columns-default is-cropped wp-block-gallery-1 is-layout-flex wp-block-gallery-is-layout-flex\">\n<figure class=\"wp-block-image size-large\"><img loading=\"lazy\" decoding=\"async\" width=\"1024\" height=\"697\" data-id=\"139\" src=\"https:\/\/amis13erd.fr\/wp-content\/uploads\/2022\/05\/2022-05-07Caudry-DoyerChanyPtCHAMeryR-1024x697.jpg\" alt=\"\" class=\"wp-image-139\" srcset=\"https:\/\/amis13erd.fr\/wp-content\/uploads\/2022\/05\/2022-05-07Caudry-DoyerChanyPtCHAMeryR-1024x697.jpg 1024w, https:\/\/amis13erd.fr\/wp-content\/uploads\/2022\/05\/2022-05-07Caudry-DoyerChanyPtCHAMeryR-300x204.jpg 300w, https:\/\/amis13erd.fr\/wp-content\/uploads\/2022\/05\/2022-05-07Caudry-DoyerChanyPtCHAMeryR-768x523.jpg 768w, https:\/\/amis13erd.fr\/wp-content\/uploads\/2022\/05\/2022-05-07Caudry-DoyerChanyPtCHAMeryR-1536x1045.jpg 1536w, https:\/\/amis13erd.fr\/wp-content\/uploads\/2022\/05\/2022-05-07Caudry-DoyerChanyPtCHAMeryR-2048x1394.jpg 2048w, https:\/\/amis13erd.fr\/wp-content\/uploads\/2022\/05\/2022-05-07Caudry-DoyerChanyPtCHAMeryR-1200x817.jpg 1200w\" sizes=\"auto, (max-width: 709px) 85vw, (max-width: 909px) 67vw, (max-width: 1362px) 62vw, 840px\" \/><\/figure>\n<figcaption class=\"blocks-gallery-caption wp-element-caption\"><em>De gauche \u00e0 droite:  Docteur Doyer, historien et maire-adjoint, Daniel Chany, Claude Boisse, pr\u00e9sident de \u00ab\u00a0Caudry d&rsquo;Hie<\/em>r et d&rsquo;Aujourd&rsquo;hui\u00a0\u00bb, Anne-Sophie M\u00e9ry, maire-adjointe.<\/figcaption><\/figure>\n\n\n\n<h5 class=\"wp-block-heading\">05\/05\/2022- Pr\u00e9sentation du livre au Mus\u00e9e de Jandrain (Belgique)<\/h5>\n\n\n\n<div class=\"wp-block-media-text alignwide is-stacked-on-mobile\" style=\"grid-template-columns:41% auto\"><figure class=\"wp-block-media-text__media\"><img loading=\"lazy\" decoding=\"async\" width=\"1024\" height=\"766\" src=\"https:\/\/amis13erd.fr\/wp-content\/uploads\/2022\/05\/22-05-05-Jandrain-PresentationLivre-1024x766.jpg\" alt=\"\" class=\"wp-image-134 size-full\" srcset=\"https:\/\/amis13erd.fr\/wp-content\/uploads\/2022\/05\/22-05-05-Jandrain-PresentationLivre-1024x766.jpg 1024w, https:\/\/amis13erd.fr\/wp-content\/uploads\/2022\/05\/22-05-05-Jandrain-PresentationLivre-300x224.jpg 300w, https:\/\/amis13erd.fr\/wp-content\/uploads\/2022\/05\/22-05-05-Jandrain-PresentationLivre-768x574.jpg 768w, https:\/\/amis13erd.fr\/wp-content\/uploads\/2022\/05\/22-05-05-Jandrain-PresentationLivre-1536x1149.jpg 1536w, https:\/\/amis13erd.fr\/wp-content\/uploads\/2022\/05\/22-05-05-Jandrain-PresentationLivre-2048x1532.jpg 2048w, https:\/\/amis13erd.fr\/wp-content\/uploads\/2022\/05\/22-05-05-Jandrain-PresentationLivre-1200x898.jpg 1200w\" sizes=\"auto, (max-width: 709px) 85vw, (max-width: 909px) 67vw, (max-width: 1362px) 62vw, 840px\" \/><\/figure><div class=\"wp-block-media-text__content\">\n<p>Au Mus\u00e9e du Corps Fran\u00e7ais de Cavalerie de Jandrain en Belgique le 5 mai 2022 sortie officielle du \u00ab\u00a0Journal  de guerre du 13e escadron de cavalerie mai-juin 1940\u00a0\u00bb. <em>De gauche \u00e0 droite: Richard de Hennin, conservateur, Daniel Chany, l&rsquo;auteur, Hugues Ghenne, bourgmestre de Orp-Jauche, Christine Haco\u00ebt, maire de Restign\u00e9, Indre et Loire, commune jumel\u00e9e<\/em> avec Orp-Jauche.<\/p>\n<\/div><\/div>\n\n\n\n<h5 class=\"wp-block-heading\">02\/05\/2022-<strong>Le livre \u00ab\u00a0Journal de guerre du 13e escadron de cavalerie Mai-juin 1940\u00a0\u00bb est paru<\/strong><\/h5>\n\n\n\n<figure class=\"wp-block-image size-large\"><img loading=\"lazy\" decoding=\"async\" width=\"691\" height=\"1024\" src=\"https:\/\/amis13erd.fr\/wp-content\/uploads\/2022\/05\/CouvertureUne-griseRognee-691x1024.jpg\" alt=\"\" class=\"wp-image-122\" srcset=\"https:\/\/amis13erd.fr\/wp-content\/uploads\/2022\/05\/CouvertureUne-griseRognee-691x1024.jpg 691w, https:\/\/amis13erd.fr\/wp-content\/uploads\/2022\/05\/CouvertureUne-griseRognee-202x300.jpg 202w, https:\/\/amis13erd.fr\/wp-content\/uploads\/2022\/05\/CouvertureUne-griseRognee-768x1138.jpg 768w, https:\/\/amis13erd.fr\/wp-content\/uploads\/2022\/05\/CouvertureUne-griseRognee-1036x1536.jpg 1036w, https:\/\/amis13erd.fr\/wp-content\/uploads\/2022\/05\/CouvertureUne-griseRognee-1382x2048.jpg 1382w, https:\/\/amis13erd.fr\/wp-content\/uploads\/2022\/05\/CouvertureUne-griseRognee-1200x1779.jpg 1200w, https:\/\/amis13erd.fr\/wp-content\/uploads\/2022\/05\/CouvertureUne-griseRognee.jpg 1686w\" sizes=\"auto, (max-width: 691px) 85vw, 691px\" \/><\/figure>\n\n\n\n<p><\/p>\n\n\n\n<p><strong>Le livre est pr\u00e9sent\u00e9 au public<\/strong><\/p>\n\n\n\n<p>&#8211; <strong>Vendredi 6 mai 2022 au Mus\u00e9e du Corps de Cavalerie fran\u00e7ais de Jandrain,<\/strong> 1350 Orp-Jauche, Belgique<\/p>\n\n\n\n<p>&#8211;<strong> Samedi 7 mai 2022 \u00e0 l\u2019Office Municipal de la Culture de Caudry,<\/strong> 59540, France.<\/p>\n\n\n\n<p>Vente \u00e0 partir du 5 mai 2022. Commande par mail \u00e0 amis13erd@orange.fr ou par courrier \u00e0 D. Chany 36 bis, rue de la Bergeonnerie 37300 Jou\u00e9-l\u00e8s-Tours Tarif avec envoi postal: 1 livre 23\u20ac, 2 livres 46\u20ac, 3 livres 68\u20ac, 4 livres 86\u20ac, 5 livres 104\u20ac. (ch\u00e8que ou vir. ccp: IBAN&nbsp;&#8211; FR25 2004 1010 0607 1873 2G02 753 &#8211; PSSTFRPPLIM<\/p>\n\n\n\n<div data-wp-interactive=\"core\/file\" class=\"wp-block-file\"><object data-wp-bind--hidden=\"!state.hasPdfPreview\" hidden class=\"wp-block-file__embed\" data=\"https:\/\/amis13erd.fr\/wp-content\/uploads\/2022\/05\/Bon-de-commande-1a5-livres.pdf\" type=\"application\/pdf\" style=\"width:100%;height:600px\" aria-label=\"Contenu embarqu\u00e9 Bon-de-commande-1a5-livres.\"><\/object><a id=\"wp-block-file--media-7bd2547e-b982-4aa2-a9d8-7e342354d94b\" href=\"https:\/\/amis13erd.fr\/wp-content\/uploads\/2022\/05\/Bon-de-commande-1a5-livres.pdf\">Bon-de-commande-1a5-livres<\/a><a href=\"https:\/\/amis13erd.fr\/wp-content\/uploads\/2022\/05\/Bon-de-commande-1a5-livres.pdf\" class=\"wp-block-file__button wp-element-button\" download aria-describedby=\"wp-block-file--media-7bd2547e-b982-4aa2-a9d8-7e342354d94b\">T\u00e9l\u00e9charger<\/a><\/div>\n\n\n\n<p class=\"has-text-align-center\">______________________________<\/p>\n\n\n\n<h6 class=\"wp-block-heading\">Ouverture du site le 2 avril 2022<\/h6>\n\n\n\n<p>Le site des \u00ab&nbsp;amis du 13\u00e8me ERD&nbsp;\u00bb pr\u00e9sente le journal de guerre de l&rsquo;escadron, r\u00e9dig\u00e9 par ses officiers entre le 10 mai et le 7 ao\u00fbt 1940.<\/p>\n\n\n\n<p>Il pr\u00e9sente aussi: les officiers qui le commandaient, le p\u00e9riple (bataille des blind\u00e9s en Belgique, repli sur Dunkerque, regroupement en Normandie et repli d\u00e9finitif pr\u00e8s de Montauban) et le mat\u00e9riel.<\/p>\n\n\n\n<p>C\u00e9lestin Chany, jeune aspirant de 22 ans, avait conserv\u00e9, sa vie durant, ce journal et l&rsquo;avait annot\u00e9. Ses neveux l&rsquo;ont heureusement ressorti des archives familiales et l&rsquo;un d&rsquo;eux, Daniel Chany, a r\u00e9dig\u00e9 un ouvrage document\u00e9 de 324 pages, dont 56 d&rsquo;illustrations en couleur afin de conserver la m\u00e9moire de ces hommes.<\/p>\n\n\n\n<p>Contact: amis13erd@orange.fr<\/p>\n\n\n\n<p>DC avril 2022<\/p>\n","protected":false},"excerpt":{"rendered":"<p>\u00ab\u00a0Et\u00e9 1940, des soldats fran\u00e7ais en d\u00e9route \u00e0 Nohic-Villebrumier\u00a0\u00bb Notice de 80 pages r\u00e9dig\u00e9e par Guy Jamme-10\u20ac. Vous pouvez commander par ce site: amis13erd@orange.fr qui transmettra. Janvier 2023 28\/06\/2022 &#8211; Lu dans la Nouvelle R\u00e9publique 08\/05\/2022 &#8211; A Villebrumier (82), devant le monument aux morts on parle du 13e escadron! Au cours de la c\u00e9r\u00e9monie &hellip; <a href=\"https:\/\/amis13erd.fr\/\" class=\"more-link\">Continuer la lecture<span class=\"screen-reader-text\"> de &laquo;&nbsp;Accueil&nbsp;&raquo;<\/span><\/a><\/p>\n","protected":false},"author":1,"featured_media":0,"parent":0,"menu_order":0,"comment_status":"closed","ping_status":"closed","template":"","meta":{"footnotes":""},"class_list":["post-42","page","type-page","status-publish","hentry"],"_links":{"self":[{"href":"https:\/\/amis13erd.fr\/index.php?rest_route=\/wp\/v2\/pages\/42","targetHints":{"allow":["GET"]}}],"collection":[{"href":"https:\/\/amis13erd.fr\/index.php?rest_route=\/wp\/v2\/pages"}],"about":[{"href":"https:\/\/amis13erd.fr\/index.php?rest_route=\/wp\/v2\/types\/page"}],"author":[{"embeddable":true,"href":"https:\/\/amis13erd.fr\/index.php?rest_route=\/wp\/v2\/users\/1"}],"replies":[{"embeddable":true,"href":"https:\/\/amis13erd.fr\/index.php?rest_route=%2Fwp%2Fv2%2Fcomments&post=42"}],"version-history":[{"count":24,"href":"https:\/\/amis13erd.fr\/index.php?rest_route=\/wp\/v2\/pages\/42\/revisions"}],"predecessor-version":[{"id":200,"href":"https:\/\/amis13erd.fr\/index.php?rest_route=\/wp\/v2\/pages\/42\/revisions\/200"}],"wp:attachment":[{"href":"https:\/\/amis13erd.fr\/index.php?rest_route=%2Fwp%2Fv2%2Fmedia&parent=42"}],"curies":[{"name":"wp","href":"https:\/\/api.w.org\/{rel}","templated":true}]}}