{"id":63,"date":"2022-04-03T15:00:32","date_gmt":"2022-04-03T13:00:32","guid":{"rendered":"http:\/\/amiserm.cluster029.hosting.ovh.net\/?page_id=63"},"modified":"2022-05-18T20:11:25","modified_gmt":"2022-05-18T18:11:25","slug":"livre-du-13-erd","status":"publish","type":"page","link":"https:\/\/amis13erd.fr\/?page_id=63","title":{"rendered":"Le livre du 13e escadron de cavalerie"},"content":{"rendered":"\n<h4 class=\"wp-block-heading\">Titre: <strong>Journal de guerre du 13eme escadron de cavalerie Mai-Juin 1940<\/strong>.<\/h4>\n\n\n\n<div class=\"wp-block-media-text alignwide is-stacked-on-mobile\" style=\"grid-template-columns:20% auto\"><figure class=\"wp-block-media-text__media\"><img loading=\"lazy\" decoding=\"async\" width=\"1009\" height=\"1024\" src=\"https:\/\/amiserm.cluster029.hosting.ovh.net\/wp-content\/uploads\/2022\/04\/Daniel1-mccRognee4-22-1009x1024.jpg\" alt=\"\" class=\"wp-image-71 size-full\" srcset=\"https:\/\/amis13erd.fr\/wp-content\/uploads\/2022\/04\/Daniel1-mccRognee4-22-1009x1024.jpg 1009w, https:\/\/amis13erd.fr\/wp-content\/uploads\/2022\/04\/Daniel1-mccRognee4-22-296x300.jpg 296w, https:\/\/amis13erd.fr\/wp-content\/uploads\/2022\/04\/Daniel1-mccRognee4-22-768x780.jpg 768w, https:\/\/amis13erd.fr\/wp-content\/uploads\/2022\/04\/Daniel1-mccRognee4-22.jpg 1199w\" sizes=\"auto, (max-width: 709px) 85vw, (max-width: 909px) 67vw, (max-width: 1362px) 62vw, 840px\" \/><\/figure><div class=\"wp-block-media-text__content\">\n<p><\/p>\n\n\n\n<p><\/p>\n\n\n\n<p class=\"has-text-align-left has-small-font-size\">L&rsquo;auteur, Daniel Chany, neveu de C\u00e9lestin a ressorti ce Journal de Guerre des archives familiales 80 ans plus tard. Parti \u00e0 la recherche des autres officiers, il effectue par \u00e9tapes le p\u00e9riple de l&rsquo;escadron et en rend compte, s&rsquo;appuyant sur un solide travail  d&rsquo;enqu\u00eate et une riche documentation.<\/p>\n\n\n\n<p><\/p>\n<\/div><\/div>\n\n\n\n<p>Ouvrage de 324 pages dont 56 d&rsquo;illustrations couleur. En vente chez l&rsquo;auteur: Commande par mail: amis13erd@orange.fr    Prix 18\u20ac+5\u20ac de participation aux frais de port.<\/p>\n\n\n\n<p><strong>Page de couverture:<\/strong><\/p>\n\n\n\n<figure class=\"wp-block-gallery has-nested-images columns-default is-cropped wp-block-gallery-1 is-layout-flex wp-block-gallery-is-layout-flex\">\n<figure class=\"wp-block-image size-full\"><img loading=\"lazy\" decoding=\"async\" width=\"1686\" height=\"2499\" data-id=\"68\" src=\"https:\/\/amiserm.cluster029.hosting.ovh.net\/wp-content\/uploads\/2022\/04\/la-une-griseRognee.jpg\" alt=\"\" class=\"wp-image-68\" srcset=\"https:\/\/amis13erd.fr\/wp-content\/uploads\/2022\/04\/la-une-griseRognee.jpg 1686w, https:\/\/amis13erd.fr\/wp-content\/uploads\/2022\/04\/la-une-griseRognee-202x300.jpg 202w, https:\/\/amis13erd.fr\/wp-content\/uploads\/2022\/04\/la-une-griseRognee-691x1024.jpg 691w, https:\/\/amis13erd.fr\/wp-content\/uploads\/2022\/04\/la-une-griseRognee-768x1138.jpg 768w, https:\/\/amis13erd.fr\/wp-content\/uploads\/2022\/04\/la-une-griseRognee-1036x1536.jpg 1036w, https:\/\/amis13erd.fr\/wp-content\/uploads\/2022\/04\/la-une-griseRognee-1382x2048.jpg 1382w, https:\/\/amis13erd.fr\/wp-content\/uploads\/2022\/04\/la-une-griseRognee-1200x1779.jpg 1200w\" sizes=\"auto, (max-width: 709px) 85vw, (max-width: 909px) 67vw, (max-width: 1362px) 62vw, 840px\" \/><\/figure>\n<figcaption class=\"blocks-gallery-caption\">Photos des officiers      <em>Coll. des familles<\/em><\/figcaption><\/figure>\n\n\n\n<figure class=\"wp-block-image size-full\"><img loading=\"lazy\" decoding=\"async\" width=\"428\" height=\"445\" src=\"https:\/\/amiserm.cluster029.hosting.ovh.net\/wp-content\/uploads\/2022\/04\/Couverture4eme-Haut-.png\" alt=\"\" class=\"wp-image-70\" srcset=\"https:\/\/amis13erd.fr\/wp-content\/uploads\/2022\/04\/Couverture4eme-Haut-.png 428w, https:\/\/amis13erd.fr\/wp-content\/uploads\/2022\/04\/Couverture4eme-Haut--289x300.png 289w\" sizes=\"auto, (max-width: 428px) 85vw, 428px\" \/><figcaption>4\u00e8me de couverture<\/figcaption><\/figure>\n\n\n\n<p><\/p>\n\n\n\n<figure class=\"wp-block-image size-full\"><img loading=\"lazy\" decoding=\"async\" width=\"491\" height=\"477\" src=\"https:\/\/amiserm.cluster029.hosting.ovh.net\/wp-content\/uploads\/2022\/04\/Ilsontdit1.png\" alt=\"\" class=\"wp-image-72\" srcset=\"https:\/\/amis13erd.fr\/wp-content\/uploads\/2022\/04\/Ilsontdit1.png 491w, https:\/\/amis13erd.fr\/wp-content\/uploads\/2022\/04\/Ilsontdit1-300x291.png 300w\" sizes=\"auto, (max-width: 491px) 85vw, 491px\" \/><\/figure>\n\n\n\n<figure class=\"wp-block-image size-full\"><img loading=\"lazy\" decoding=\"async\" width=\"486\" height=\"583\" src=\"https:\/\/amiserm.cluster029.hosting.ovh.net\/wp-content\/uploads\/2022\/04\/Ilsontdit2.png\" alt=\"\" class=\"wp-image-73\" srcset=\"https:\/\/amis13erd.fr\/wp-content\/uploads\/2022\/04\/Ilsontdit2.png 486w, https:\/\/amis13erd.fr\/wp-content\/uploads\/2022\/04\/Ilsontdit2-250x300.png 250w\" sizes=\"auto, (max-width: 486px) 85vw, 486px\" \/><\/figure>\n\n\n\n<h5 class=\"wp-block-heading\">Bon de commande:<\/h5>\n\n\n\n<div data-wp-interactive=\"core\/file\" class=\"wp-block-file\"><object data-wp-bind--hidden=\"!state.hasPdfPreview\" hidden class=\"wp-block-file__embed\" data=\"https:\/\/amis13erd.fr\/wp-content\/uploads\/2022\/05\/Bon-de-commande-1a5-livres.pdf\" type=\"application\/pdf\" style=\"width:100%;height:600px\" aria-label=\"Contenu embarqu\u00e9 Contenu embarqu\u00e9 Bon-de-commande-1a5-livres..\"><\/object><a id=\"wp-block-file--media-0503b347-e910-43e7-a23a-18a1acb20e77\" href=\"https:\/\/amis13erd.fr\/wp-content\/uploads\/2022\/05\/Bon-de-commande-1a5-livres.pdf\">Bon-de-commande-1a5-livres<\/a><a href=\"https:\/\/amis13erd.fr\/wp-content\/uploads\/2022\/05\/Bon-de-commande-1a5-livres.pdf\" class=\"wp-block-file__button\" download aria-describedby=\"wp-block-file--media-0503b347-e910-43e7-a23a-18a1acb20e77\">T\u00e9l\u00e9charger<\/a><\/div>\n\n\n\n<h6 class=\"wp-block-heading\"><\/h6>\n\n\n\n<p>ISBN 978-2-36851-735-2, imprimerie Roudenn-Grafik (22) Gingamp,  achev\u00e9 d&rsquo;imprim\u00e9 en avril 2022. Auto \u00e9dition.<\/p>\n","protected":false},"excerpt":{"rendered":"<p>Titre: Journal de guerre du 13eme escadron de cavalerie Mai-Juin 1940. L&rsquo;auteur, Daniel Chany, neveu de C\u00e9lestin a ressorti ce Journal de Guerre des archives familiales 80 ans plus tard. Parti \u00e0 la recherche des autres officiers, il effectue par \u00e9tapes le p\u00e9riple de l&rsquo;escadron et en rend compte, s&rsquo;appuyant sur un solide travail d&rsquo;enqu\u00eate &hellip; <a href=\"https:\/\/amis13erd.fr\/?page_id=63\" class=\"more-link\">Continuer la lecture<span class=\"screen-reader-text\"> de &laquo;&nbsp;Le livre du 13e escadron de cavalerie&nbsp;&raquo;<\/span><\/a><\/p>\n","protected":false},"author":1,"featured_media":0,"parent":0,"menu_order":0,"comment_status":"closed","ping_status":"closed","template":"","meta":{"footnotes":""},"class_list":["post-63","page","type-page","status-publish","hentry"],"_links":{"self":[{"href":"https:\/\/amis13erd.fr\/index.php?rest_route=\/wp\/v2\/pages\/63","targetHints":{"allow":["GET"]}}],"collection":[{"href":"https:\/\/amis13erd.fr\/index.php?rest_route=\/wp\/v2\/pages"}],"about":[{"href":"https:\/\/amis13erd.fr\/index.php?rest_route=\/wp\/v2\/types\/page"}],"author":[{"embeddable":true,"href":"https:\/\/amis13erd.fr\/index.php?rest_route=\/wp\/v2\/users\/1"}],"replies":[{"embeddable":true,"href":"https:\/\/amis13erd.fr\/index.php?rest_route=%2Fwp%2Fv2%2Fcomments&post=63"}],"version-history":[{"count":8,"href":"https:\/\/amis13erd.fr\/index.php?rest_route=\/wp\/v2\/pages\/63\/revisions"}],"predecessor-version":[{"id":149,"href":"https:\/\/amis13erd.fr\/index.php?rest_route=\/wp\/v2\/pages\/63\/revisions\/149"}],"wp:attachment":[{"href":"https:\/\/amis13erd.fr\/index.php?rest_route=%2Fwp%2Fv2%2Fmedia&parent=63"}],"curies":[{"name":"wp","href":"https:\/\/api.w.org\/{rel}","templated":true}]}}